{"id":915,"date":"2018-05-09T13:23:25","date_gmt":"2018-05-09T11:23:25","guid":{"rendered":"https:\/\/brucherlaw.lu\/?page_id=915\/"},"modified":"2022-09-07T15:14:09","modified_gmt":"2022-09-07T13:14:09","slug":"privacy-policy","status":"publish","type":"page","link":"https:\/\/brucherlaw.lu\/en\/privacy-policy\/","title":{"rendered":"Privacy Policy"},"content":{"rendered":"<p><div class=\"fusion-fullwidth fullwidth-box fusion-builder-row-1 nonhundred-percent-fullwidth non-hundred-percent-height-scrolling\" style=\"background-color: #f6f6f6;background-position: center center;background-repeat: no-repeat;padding-top:0px;padding-right:0px;padding-bottom:0px;padding-left:0px;margin-bottom: 0px;margin-top: 0px;border-width: 0px 0px 0px 0px;border-color:#eae9e9;border-style:solid;\" ><div class=\"fusion-builder-row fusion-row\"><div class=\"fusion-layout-column fusion_builder_column fusion-builder-column-0 fusion_builder_column_1_1 1_1 fusion-one-full fusion-column-first fusion-column-last\" style=\"margin-top:20px;margin-bottom:20px;\"><div class=\"fusion-column-wrapper fusion-flex-column-wrapper-legacy\" style=\"background-position:left top;background-repeat:no-repeat;-webkit-background-size:cover;-moz-background-size:cover;-o-background-size:cover;background-size:cover;padding: 1em 0px 1em 0px;\"><div class=\"fusion-text fusion-text-1\"><h2>Brucher Thieltgen &amp; Partners takes great care of your privacy and personal data.<\/h2>\n<p>In accordance with the relevant legislation, we collect and process your personal data with complete confidentiality and in the manner explained below.<\/p>\n<\/div><div class=\"fusion-clearfix\"><\/div><\/div><\/div><\/div><\/div><div class=\"fusion-fullwidth fullwidth-box fusion-builder-row-2 nonhundred-percent-fullwidth non-hundred-percent-height-scrolling\" style=\"background-color: rgba(255,255,255,0);background-position: center center;background-repeat: no-repeat;padding-top:0px;padding-right:0px;padding-bottom:0px;padding-left:0px;margin-bottom: 0px;margin-top: 2em;border-width: 0px 0px 0px 0px;border-color:#eae9e9;border-style:solid;\" ><div class=\"fusion-builder-row fusion-row\"><div class=\"fusion-layout-column fusion_builder_column fusion-builder-column-1 fusion_builder_column_1_1 1_1 fusion-one-full fusion-column-first fusion-column-last\" style=\"margin-top:3em;margin-bottom:20px;\"><div class=\"fusion-column-wrapper fusion-flex-column-wrapper-legacy\" style=\"background-position:left top;background-repeat:no-repeat;-webkit-background-size:cover;-moz-background-size:cover;-o-background-size:cover;background-size:cover;padding: 0px 0px 0px 0px;\"><div class=\"fusion-text fusion-text-2\"><h3><strong>Data controller<\/strong><\/h3>\n<p>The \u201cdata controller\u201d is the person or entity that determines the means and purposes of the processing of your personal data.<br \/>\nIn this case, the controller is the firm Brucher Thieltgen &amp; Partners and more specifically Ma\u00eetre Nicolas Thieltgen, Ma\u00eetre Marie Bena et Ma\u00eetre Nicolas Bernardy.<\/p>\n<p>Brucher Thieltgen &amp; Partners is a law firm based in Luxembourg and which premises can be found at:<\/p>\n<p><strong>16-18 Boulevard Emmanuel Servais<\/strong><br \/>\n<strong>L- 2535 Luxembourg<\/strong><br \/>\n<strong>Grand-Duchy of Luxembourg<\/strong><\/p>\n<p>Postal Box:<br \/>\nB.P. 507<br \/>\nL-2015 Luxembourg<\/p>\n<p>For any complementary information regarding this Privacy Policy or the processing of your personal data, please contact our team:<\/p>\n<\/div><div class=\"fusion-content-boxes content-boxes columns row fusion-columns-3 fusion-columns-total-3 fusion-content-boxes-1 content-boxes-icon-on-side content-left\" data-animationOffset=\"top-into-view\" style=\"margin-top:0px;margin-bottom:0px;\"><style type=\"text\/css\">.fusion-content-boxes-1 .heading .content-box-heading {color:#525249;}\n\t\t\t\t\t.fusion-content-boxes-1 .fusion-content-box-hover .link-area-link-icon-hover .heading .content-box-heading,\n\t\t\t\t\t.fusion-content-boxes-1 .fusion-content-box-hover .link-area-link-icon-hover .heading .heading-link .content-box-heading,\n\t\t\t\t\t.fusion-content-boxes-1 .fusion-content-box-hover .link-area-box-hover .heading .content-box-heading,\n\t\t\t\t\t.fusion-content-boxes-1 .fusion-content-box-hover .link-area-box-hover .heading .heading-link .content-box-heading,\n\t\t\t\t\t.fusion-content-boxes-1 .fusion-content-box-hover .link-area-link-icon-hover.link-area-box .fusion-read-more,\n\t\t\t\t\t.fusion-content-boxes-1 .fusion-content-box-hover .link-area-link-icon-hover.link-area-box .fusion-read-more::after,\n\t\t\t\t\t.fusion-content-boxes-1 .fusion-content-box-hover .link-area-link-icon-hover.link-area-box .fusion-read-more::before,\n\t\t\t\t\t.fusion-content-boxes-1 .fusion-content-box-hover .fusion-read-more:hover:after,\n\t\t\t\t\t.fusion-content-boxes-1 .fusion-content-box-hover .fusion-read-more:hover:before,\n\t\t\t\t\t.fusion-content-boxes-1 .fusion-content-box-hover .fusion-read-more:hover,\n\t\t\t\t\t.fusion-content-boxes-1 .fusion-content-box-hover .link-area-box-hover.link-area-box .fusion-read-more,\n\t\t\t\t\t.fusion-content-boxes-1 .fusion-content-box-hover .link-area-box-hover.link-area-box .fusion-read-more::after,\n\t\t\t\t\t.fusion-content-boxes-1 .fusion-content-box-hover .link-area-box-hover.link-area-box .fusion-read-more::before,\n\t\t\t\t\t.fusion-content-boxes-1 .fusion-content-box-hover .link-area-link-icon-hover .icon .circle-no,\n\t\t\t\t\t.fusion-content-boxes-1 .heading .heading-link:hover .content-box-heading {\n\t\t\t\t\t\tcolor: #6ba326;\n\t\t\t\t\t}\n\t\t\t\t\t.fusion-content-boxes-1 .fusion-content-box-hover .link-area-box-hover .icon .circle-no {\n\t\t\t\t\t\tcolor: #6ba326 !important;\n\t\t\t\t\t}.fusion-content-boxes-1 .fusion-content-box-hover .link-area-box.link-area-box-hover .fusion-content-box-button {background: #525249;color: #ffffff;}.fusion-content-boxes-1 .fusion-content-box-hover .link-area-box.link-area-box-hover .fusion-content-box-button .fusion-button-text {color: #ffffff;}\n\t\t\t\t\t.fusion-content-boxes-1 .fusion-content-box-hover .link-area-link-icon-hover .heading .icon > span {\n\t\t\t\t\t\tbackground-color: #6ba326 !important;\n\t\t\t\t\t}\n\t\t\t\t\t.fusion-content-boxes-1 .fusion-content-box-hover .link-area-box-hover .heading .icon > span {\n\t\t\t\t\t\tborder-color: #6ba326 !important;\n\t\t\t\t\t}<\/style><div class=\"fusion-column content-box-column content-box-column content-box-column-1 col-lg-4 col-md-4 col-sm-4 fusion-content-box-hover content-box-column-first-in-row\"><div class=\"col content-box-wrapper content-wrapper-background link-area-box link-type-text icon-hover-animation-fade\" style=\"background-color:#f6f6f6;\" data-link=\"mailto:dataprotection@brucherlaw.lu\" data-link-target=\"_self\" data-animationOffset=\"top-into-view\"><div class=\"heading heading-with-icon icon-left\"><a class=\"heading-link\" href=\"mailto:dataprotection@brucherlaw.lu\" target=\"_self\"><div class=\"icon\"><i style=\"border-color:#525249;border-width:1px;background-color:#525249;box-sizing:content-box;height:42px;width:42px;line-height:42px;border-radius:50%;color:#ffffff;font-size:21px;\" aria-hidden=\"true\" class=\"fontawesome-icon fa fa-envelope-o circle-yes\"><\/i><\/div><h2 class=\"content-box-heading\" style=\"font-size:18px;line-height:23px;padding-left:64px;\">VIA EMAIL<\/h2><\/a><\/div><div class=\"fusion-clearfix\"><\/div><a class=\" fusion-read-more\" style=\"margin-left:64px;\" href=\"mailto:dataprotection@brucherlaw.lu\" target=\"_self\">dataprotection@brucherlaw.lu<\/a><div class=\"fusion-clearfix\"><\/div><\/div><\/div><div class=\"fusion-column content-box-column content-box-column content-box-column-2 col-lg-4 col-md-4 col-sm-4 fusion-content-box-hover \"><div class=\"col content-box-wrapper content-wrapper-background link-area-box link-type-text icon-hover-animation-fade\" style=\"background-color:#f6f6f6;\" data-link=\"tel:(352) 26 0 27\" data-link-target=\"_self\" data-animationOffset=\"top-into-view\"><div class=\"heading heading-with-icon icon-left\"><a class=\"heading-link\" href=\"tel:(352) 26 0 27\" target=\"_self\"><div class=\"icon\"><i style=\"border-color:#525249;border-width:1px;background-color:#525249;box-sizing:content-box;height:42px;width:42px;line-height:42px;border-radius:50%;color:#ffffff;font-size:21px;\" aria-hidden=\"true\" class=\"fontawesome-icon fa fa-phone circle-yes\"><\/i><\/div><h2 class=\"content-box-heading\" style=\"font-size:18px;line-height:23px;padding-left:64px;\">BY PHONE<\/h2><\/a><\/div><div class=\"fusion-clearfix\"><\/div><a class=\" fusion-read-more\" style=\"margin-left:64px;\" href=\"tel:(352) 26 0 27\" target=\"_self\">(352) 26 0 27<\/a><div class=\"fusion-clearfix\"><\/div><\/div><\/div><div class=\"fusion-column content-box-column content-box-column content-box-column-3 col-lg-4 col-md-4 col-sm-4 fusion-content-box-hover content-box-column-last content-box-column-last-in-row\"><div class=\"col content-box-wrapper content-wrapper-background link-area-box link-type-text icon-hover-animation-fade\" style=\"background-color:#f6f6f6;\" data-link=\"tel:(352) 26 20 36 15\" data-link-target=\"_self\" data-animationOffset=\"top-into-view\"><div class=\"heading heading-with-icon icon-left\"><a class=\"heading-link\" href=\"tel:(352) 26 20 36 15\" target=\"_self\"><div class=\"icon\"><i style=\"border-color:#525249;border-width:1px;background-color:#525249;box-sizing:content-box;height:42px;width:42px;line-height:42px;border-radius:50%;color:#ffffff;font-size:21px;\" aria-hidden=\"true\" class=\"fontawesome-icon fa fa-fax circle-yes\"><\/i><\/div><h2 class=\"content-box-heading\" style=\"font-size:18px;line-height:23px;padding-left:64px;\">BY FAX<\/h2><\/a><\/div><div class=\"fusion-clearfix\"><\/div><a class=\" fusion-read-more\" style=\"margin-left:64px;\" href=\"tel:(352) 26 20 36 15\" target=\"_self\">(352) 26 20 36 15<\/a><div class=\"fusion-clearfix\"><\/div><\/div><\/div><style type=\"text\/css\">\n\t\t\t\t\t\t.fusion-content-boxes-1 .fusion-content-box-hover .heading-link:hover .icon i.circle-yes,\n\t\t\t\t\t\t.fusion-content-boxes-1 .fusion-content-box-hover .link-area-box:hover .heading-link .icon i.circle-yes,\n\t\t\t\t\t\t.fusion-content-boxes-1 .fusion-content-box-hover .link-area-link-icon-hover .heading .icon i.circle-yes,\n\t\t\t\t\t\t.fusion-content-boxes-1 .fusion-content-box-hover .link-area-box-hover .heading .icon i.circle-yes {\n\t\t\t\t\t\t\tbackground-color: #6ba326 !important;\n\t\t\t\t\t\t\tborder-color: #6ba326 !important;\n\t\t\t\t\t\t}<\/style><div class=\"fusion-clearfix\"><\/div><\/div><div class=\"fusion-clearfix\"><\/div><\/div><\/div><div class=\"fusion-layout-column fusion_builder_column fusion-builder-column-2 fusion_builder_column_1_1 1_1 fusion-one-full fusion-column-first fusion-column-last\" style=\"margin-top:20px;margin-bottom:20px;\"><div class=\"fusion-column-wrapper fusion-flex-column-wrapper-legacy\" style=\"background-position:left top;background-repeat:no-repeat;-webkit-background-size:cover;-moz-background-size:cover;-o-background-size:cover;background-size:cover;padding: 0px 0px 0px 0px;\"><div class=\"fusion-text fusion-text-3\"><h3><strong>Personal data we collect and process<\/strong><\/h3>\n<p>The personal data we collect and process are only those of our clients and, in certain cases, the data of specific persons who wish to keep being informed regarding Brucher Thieltgen &amp; Partners\u2019 news and messages.<\/p>\n<p>In accordance with relevant national and European legislation, and more specifically article 6 of the General Regulation on Data Protection (\u201cGDPR\u201d), we collect and process our client\u2019s data as to diligently fulfil the legal services they ask from us.<\/p>\n<p>In addition, if specific persons give their consent, we collect and process the data of these persons in view of keeping them up to date with Brucher Thieltgen &amp; Partners\u2019 news and communications.<\/p>\n<p>Therefore, we process personal data either on a voluntary basis or on the basis of the contracts we conclude with our clients, as legal counsels or as legal representatives.<\/p>\n<p>We collect the data you give us, either orally, in writing, <em>via<\/em> our website or by other similar means. Of course, the confidentiality of such data is of paramount importance for our law firm.<\/p>\n<p>The types of information we collect include, but are not limited to:<\/p>\n<ul>\n<li>Names, Surnames, Forenames;<\/li>\n<li>Postal address;<\/li>\n<li>Email address;<\/li>\n<li>Phone and fax numbers;<\/li>\n<li>VAT numbers;<\/li>\n<li>Bank accounts numbers;<\/li>\n<li>Personal information necessary for the fulfillment of our services regarding proceedings or legal advice.<\/li>\n<\/ul>\n<\/div><div class=\"fusion-clearfix\"><\/div><\/div><\/div><div class=\"fusion-layout-column fusion_builder_column fusion-builder-column-3 fusion_builder_column_1_1 1_1 fusion-one-full fusion-column-first fusion-column-last\" style=\"margin-top:20px;margin-bottom:20px;\"><div class=\"fusion-column-wrapper fusion-flex-column-wrapper-legacy\" style=\"background-position:left top;background-repeat:no-repeat;-webkit-background-size:cover;-moz-background-size:cover;-o-background-size:cover;background-size:cover;padding: 0px 0px 0px 0px;\"><div class=\"fusion-text fusion-text-4\"><h3><strong>Do we share personal data with third parties?<\/strong><\/h3>\n<p>Given the highly confidential nature of our profession, we do not share your personal data with any third party, except and only if you give us your express consent to do so or if we need to communicate these data to defend your legal interests.<\/p>\n<p>For instance, it might occur that, in the frame of legal proceedings, we communicate some of your personal data to our court bailiff, as to deliver a summon to court to a respondent.<\/p>\n<p>Of course, such communications are strictly limited by law and are only used when they are necessary to respect a procedural obligation.<\/p>\n<p>We do not sell your personal data to third parties and we do not share them as to make a commercial benefit.<\/p>\n<p>In some exceptional cases, it might occur that a judge demands from us to communicate some of your personal data that we hold, but such scenarios are strictly bound and limited by the rules of the Bar Council or by virtue of the Law.<\/p>\n<p>Prosecution of crimes and offences, and in particular effective anti-money laundering and anti-terrorist financing requirements, can sometimes be considered as cases when we are forced to communicate personal data with law enforcement agencies or with the police.<\/p>\n<\/div><div class=\"fusion-clearfix\"><\/div><\/div><\/div><div class=\"fusion-layout-column fusion_builder_column fusion-builder-column-4 fusion_builder_column_1_1 1_1 fusion-one-full fusion-column-first fusion-column-last\" style=\"margin-top:20px;margin-bottom:20px;\"><div class=\"fusion-column-wrapper fusion-flex-column-wrapper-legacy\" style=\"background-position:left top;background-repeat:no-repeat;-webkit-background-size:cover;-moz-background-size:cover;-o-background-size:cover;background-size:cover;padding: 0px 0px 0px 0px;\"><div class=\"fusion-text fusion-text-5\"><h3><strong>Safety of your personal data<\/strong><\/h3>\n<p>The personal data we process are kept safely and their accesses are limited to only authorized personnel when we need to use them to defend your interests.<\/p>\n<p>We have established physical as well as digital measures to protect the confidentiality and integrity of your personal data. For instance, your data are saved on a regular basis on one of our back-up servers, which enables us to verify that your data have not been damaged or lost.<\/p>\n<p>Moreover, access to our premises and to our files is under strict monitoring, and the documents containing your data are protected against any intrusion or physical damage, to the extent of our ability.<\/p>\n<p>When you communicate with us and especially when you share your personal data with us, be careful to protect yourself against any intrusion or illegal collection of your data by a third party. Please use highly secure passwords, disconnect yourself after each use of your computer and encrypt your messages and documents as often as possible.<\/p>\n<p>In addition, would you wish to access to your personal data, we might ask you to provide us with a proof of your identity, to make sure that your data is kept safe.<\/p>\n<p>Finally, your personal data are kept only for the time necessary for the fulfillment of our legal or contractual duties. Exceptions to such retention period may apply when the law obliges us to keep you data for a longer time. For instance, in the frame of our invoicing and accountability obligations, we must retain the relevant data for at least 10 (ten) years.<\/p>\n<\/div><div class=\"fusion-clearfix\"><\/div><\/div><\/div><div class=\"fusion-layout-column fusion_builder_column fusion-builder-column-5 fusion_builder_column_1_1 1_1 fusion-one-full fusion-column-first fusion-column-last\" style=\"margin-top:20px;margin-bottom:20px;\"><div class=\"fusion-column-wrapper fusion-flex-column-wrapper-legacy\" style=\"background-position:left top;background-repeat:no-repeat;-webkit-background-size:cover;-moz-background-size:cover;-o-background-size:cover;background-size:cover;padding: 0px 0px 0px 0px;\"><div class=\"fusion-text fusion-text-6\"><h3><strong>Your rights<\/strong><\/h3>\n<p>As a data subject, you have several rights regarding your personal data:<\/p>\n<ol type=\"i\">\n<li style=\"list-style-type: none;\">\n<ol type=\"i\">\n<li>The right to ask for access to your personal data (but only your data);<\/li>\n<li>The right to ask for correction of your personal data;<\/li>\n<li>The right to ask for the erasure of your personal data;<\/li>\n<li>The right to ask for the limitation of processing of your personal data and to know the impact of such limitation;<\/li>\n<li>The right to oppose the processing of your personal data and to know the impact of such opposition;<\/li>\n<li>When the processing of you data is based on your consent, the right to withdraw your consent at any given moment, taking into account that such withdrawal would not affect the legality of previous processing;<\/li>\n<li>The right to introduce a complaint to the relevant data protection authority.<\/li>\n<\/ol>\n<\/li>\n<\/ol>\n<p>Please note that we might restrict or refuse the exercise of one or several of the above-mentioned rights, if a legal obligation forces us to do so or when special circumstances occur.<\/p>\n<p>Such a case would occur when we are bound by an obligation of professional secrecy. In addition, we are sometimes obliged to collaborate with enforcement authorities in the matter of anti-money laundering and anti-terrorist financing requirements.<\/p>\n<\/div><div class=\"fusion-clearfix\"><\/div><\/div><\/div><\/div><\/div><\/p>\n","protected":false},"excerpt":{"rendered":"","protected":false},"author":1,"featured_media":0,"parent":0,"menu_order":0,"comment_status":"closed","ping_status":"closed","template":"100-width.php","meta":{"om_disable_all_campaigns":false,"_monsterinsights_skip_tracking":false,"_monsterinsights_sitenote_active":false,"_monsterinsights_sitenote_note":"","_monsterinsights_sitenote_category":0,"footnotes":""},"class_list":["post-915","page","type-page","status-publish","hentry"],"acf":[],"aioseo_notices":[],"yoast_head":"<!-- This site is optimized with the Yoast SEO plugin v23.9 - https:\/\/yoast.com\/wordpress\/plugins\/seo\/ -->\n<title>Privacy Policy - Brucher Thieltgen &amp; Partners<\/title>\n<meta name=\"robots\" content=\"index, follow, max-snippet:-1, max-image-preview:large, max-video-preview:-1\" \/>\n<link rel=\"canonical\" href=\"https:\/\/brucherlaw.lu\/en\/privacy-policy\/\" \/>\n<meta property=\"og:locale\" content=\"en_US\" \/>\n<meta property=\"og:type\" content=\"article\" \/>\n<meta property=\"og:title\" content=\"Privacy Policy - Brucher Thieltgen &amp; Partners\" \/>\n<meta property=\"og:url\" content=\"https:\/\/brucherlaw.lu\/en\/privacy-policy\/\" \/>\n<meta property=\"og:site_name\" content=\"Brucher Thieltgen &amp; Partners\" \/>\n<meta property=\"article:modified_time\" content=\"2022-09-07T13:14:09+00:00\" \/>\n<meta name=\"twitter:card\" content=\"summary_large_image\" \/>\n<meta name=\"twitter:label1\" content=\"Est. reading time\" \/>\n\t<meta name=\"twitter:data1\" content=\"7 minutes\" \/>\n<script type=\"application\/ld+json\" class=\"yoast-schema-graph\">{\"@context\":\"https:\/\/schema.org\",\"@graph\":[{\"@type\":\"WebPage\",\"@id\":\"https:\/\/brucherlaw.lu\/en\/privacy-policy\/\",\"url\":\"https:\/\/brucherlaw.lu\/en\/privacy-policy\/\",\"name\":\"Privacy Policy - Brucher Thieltgen &amp; Partners\",\"isPartOf\":{\"@id\":\"https:\/\/brucherlaw.lu\/en\/#website\"},\"datePublished\":\"2018-05-09T11:23:25+00:00\",\"dateModified\":\"2022-09-07T13:14:09+00:00\",\"breadcrumb\":{\"@id\":\"https:\/\/brucherlaw.lu\/en\/privacy-policy\/#breadcrumb\"},\"inLanguage\":\"en-US\",\"potentialAction\":[{\"@type\":\"ReadAction\",\"target\":[\"https:\/\/brucherlaw.lu\/en\/privacy-policy\/\"]}]},{\"@type\":\"BreadcrumbList\",\"@id\":\"https:\/\/brucherlaw.lu\/en\/privacy-policy\/#breadcrumb\",\"itemListElement\":[{\"@type\":\"ListItem\",\"position\":1,\"name\":\"Home\",\"item\":\"https:\/\/brucherlaw.lu\/en\/\"},{\"@type\":\"ListItem\",\"position\":2,\"name\":\"Privacy Policy\"}]},{\"@type\":\"WebSite\",\"@id\":\"https:\/\/brucherlaw.lu\/en\/#website\",\"url\":\"https:\/\/brucherlaw.lu\/en\/\",\"name\":\"Brucher Thieltgen &amp; Partners\",\"description\":\"Legal expertise and tailor-made solutions for businesses and entrepreneurs\",\"potentialAction\":[{\"@type\":\"SearchAction\",\"target\":{\"@type\":\"EntryPoint\",\"urlTemplate\":\"https:\/\/brucherlaw.lu\/en\/?s={search_term_string}\"},\"query-input\":{\"@type\":\"PropertyValueSpecification\",\"valueRequired\":true,\"valueName\":\"search_term_string\"}}],\"inLanguage\":\"en-US\"}]}<\/script>\n<!-- \/ Yoast SEO plugin. -->","yoast_head_json":{"title":"Privacy Policy - Brucher Thieltgen &amp; Partners","robots":{"index":"index","follow":"follow","max-snippet":"max-snippet:-1","max-image-preview":"max-image-preview:large","max-video-preview":"max-video-preview:-1"},"canonical":"https:\/\/brucherlaw.lu\/en\/privacy-policy\/","og_locale":"en_US","og_type":"article","og_title":"Privacy Policy - Brucher Thieltgen &amp; Partners","og_url":"https:\/\/brucherlaw.lu\/en\/privacy-policy\/","og_site_name":"Brucher Thieltgen &amp; Partners","article_modified_time":"2022-09-07T13:14:09+00:00","twitter_card":"summary_large_image","twitter_misc":{"Est. reading time":"7 minutes"},"schema":{"@context":"https:\/\/schema.org","@graph":[{"@type":"WebPage","@id":"https:\/\/brucherlaw.lu\/en\/privacy-policy\/","url":"https:\/\/brucherlaw.lu\/en\/privacy-policy\/","name":"Privacy Policy - Brucher Thieltgen &amp; Partners","isPartOf":{"@id":"https:\/\/brucherlaw.lu\/en\/#website"},"datePublished":"2018-05-09T11:23:25+00:00","dateModified":"2022-09-07T13:14:09+00:00","breadcrumb":{"@id":"https:\/\/brucherlaw.lu\/en\/privacy-policy\/#breadcrumb"},"inLanguage":"en-US","potentialAction":[{"@type":"ReadAction","target":["https:\/\/brucherlaw.lu\/en\/privacy-policy\/"]}]},{"@type":"BreadcrumbList","@id":"https:\/\/brucherlaw.lu\/en\/privacy-policy\/#breadcrumb","itemListElement":[{"@type":"ListItem","position":1,"name":"Home","item":"https:\/\/brucherlaw.lu\/en\/"},{"@type":"ListItem","position":2,"name":"Privacy Policy"}]},{"@type":"WebSite","@id":"https:\/\/brucherlaw.lu\/en\/#website","url":"https:\/\/brucherlaw.lu\/en\/","name":"Brucher Thieltgen &amp; Partners","description":"Legal expertise and tailor-made solutions for businesses and entrepreneurs","potentialAction":[{"@type":"SearchAction","target":{"@type":"EntryPoint","urlTemplate":"https:\/\/brucherlaw.lu\/en\/?s={search_term_string}"},"query-input":{"@type":"PropertyValueSpecification","valueRequired":true,"valueName":"search_term_string"}}],"inLanguage":"en-US"}]}},"_links":{"self":[{"href":"https:\/\/brucherlaw.lu\/en\/wp-json\/wp\/v2\/pages\/915","targetHints":{"allow":["GET"]}}],"collection":[{"href":"https:\/\/brucherlaw.lu\/en\/wp-json\/wp\/v2\/pages"}],"about":[{"href":"https:\/\/brucherlaw.lu\/en\/wp-json\/wp\/v2\/types\/page"}],"author":[{"embeddable":true,"href":"https:\/\/brucherlaw.lu\/en\/wp-json\/wp\/v2\/users\/1"}],"replies":[{"embeddable":true,"href":"https:\/\/brucherlaw.lu\/en\/wp-json\/wp\/v2\/comments?post=915"}],"version-history":[{"count":27,"href":"https:\/\/brucherlaw.lu\/en\/wp-json\/wp\/v2\/pages\/915\/revisions"}],"predecessor-version":[{"id":2869,"href":"https:\/\/brucherlaw.lu\/en\/wp-json\/wp\/v2\/pages\/915\/revisions\/2869"}],"wp:attachment":[{"href":"https:\/\/brucherlaw.lu\/en\/wp-json\/wp\/v2\/media?parent=915"}],"curies":[{"name":"wp","href":"https:\/\/api.w.org\/{rel}","templated":true}]}}