{"id":941,"date":"2018-05-14T11:27:05","date_gmt":"2018-05-14T09:27:05","guid":{"rendered":"https:\/\/brucherlaw.lu\/?page_id=941\/"},"modified":"2022-09-07T15:14:58","modified_gmt":"2022-09-07T13:14:58","slug":"politique-de-protection-des-donnees-2","status":"publish","type":"page","link":"https:\/\/brucherlaw.lu\/fr\/politique-de-protection-des-donnees-2\/","title":{"rendered":"Politique de Protection des Donn\u00e9es"},"content":{"rendered":"<p><div class=\"fusion-fullwidth fullwidth-box fusion-builder-row-1 nonhundred-percent-fullwidth non-hundred-percent-height-scrolling\" style=\"background-color: #f6f6f6;background-position: center center;background-repeat: no-repeat;padding-top:0px;padding-right:0px;padding-bottom:0px;padding-left:0px;margin-bottom: 0px;margin-top: 0px;border-width: 0px 0px 0px 0px;border-color:#eae9e9;border-style:solid;\" ><div class=\"fusion-builder-row fusion-row\"><div class=\"fusion-layout-column fusion_builder_column fusion-builder-column-0 fusion_builder_column_1_1 1_1 fusion-one-full fusion-column-first fusion-column-last\" style=\"margin-top:20px;margin-bottom:20px;\"><div class=\"fusion-column-wrapper fusion-flex-column-wrapper-legacy\" style=\"background-position:left top;background-repeat:no-repeat;-webkit-background-size:cover;-moz-background-size:cover;-o-background-size:cover;background-size:cover;padding: 1em 0px 1em 0px;\"><div class=\"fusion-text fusion-text-1\"><h2>L\u2019\u00e9tude Brucher Thieltgen &amp; Partners est attentive au respect de votre vie priv\u00e9e et \u00e0 la protection de vos donn\u00e9es \u00e0 caract\u00e8re personnel.<\/h2>\n<p>L\u2019\u00e9tude Brucher Thieltgen &amp; Partners &#8211; Avocats \u00e0 la Cour est attentive au respect de votre vie priv\u00e9e et \u00e0 la protection de vos donn\u00e9es \u00e0 caract\u00e8re personnel.<\/p>\n<\/div><div class=\"fusion-clearfix\"><\/div><\/div><\/div><\/div><\/div><div class=\"fusion-fullwidth fullwidth-box fusion-builder-row-2 nonhundred-percent-fullwidth non-hundred-percent-height-scrolling\" style=\"background-color: rgba(255,255,255,0);background-position: center center;background-repeat: no-repeat;padding-top:0px;padding-right:0px;padding-bottom:0px;padding-left:0px;margin-bottom: 0px;margin-top: 2em;border-width: 0px 0px 0px 0px;border-color:#eae9e9;border-style:solid;\" ><div class=\"fusion-builder-row fusion-row\"><div class=\"fusion-layout-column fusion_builder_column fusion-builder-column-1 fusion_builder_column_1_1 1_1 fusion-one-full fusion-column-first fusion-column-last\" style=\"margin-top:3em;margin-bottom:20px;\"><div class=\"fusion-column-wrapper fusion-flex-column-wrapper-legacy\" style=\"background-position:left top;background-repeat:no-repeat;-webkit-background-size:cover;-moz-background-size:cover;-o-background-size:cover;background-size:cover;padding: 0px 0px 0px 0px;\"><div class=\"fusion-text fusion-text-2\"><h3><strong>Responsable du traitement<\/strong><\/h3>\n<p>Le responsable du traitement des donn\u00e9es est la personne physique ou morale qui d\u00e9termine les moyens et les finalit\u00e9s du traitement de vos donn\u00e9es personnelles.<\/p>\n<p>En l\u2019occurrence, il s\u2019agit ici de l\u2019\u00e9tude d\u2019avocats Brucher Thieltgen &amp; Partners, et plus particuli\u00e8rement de Ma\u00eetre Nicolas Thieltgen, Ma\u00eetre Marie Bena et Ma\u00eetre Nicolas Bernardy.<\/p>\n<p>Brucher Thieltgen &amp; Partners est une \u00e9tude d\u2019avocats bas\u00e9e au Luxembourg et dont les locaux professionnels se trouvent actuellement au :<\/p>\n<p><strong>16-18, Boulevard Emmanuel Servais<\/strong><br \/>\n<strong>L-2535 Luxembourg<\/strong><br \/>\n<strong>Grand-Duch\u00e9 de Luxembourg<\/strong><\/p>\n<p>Bo\u00eete Postale :<br \/>\nB.P. 507<br \/>\nL-2015 Luxembourg<\/p>\n<p>Pour toute question relative \u00e0 la pr\u00e9sente Politique ou au traitement de vos donn\u00e9es, veuillez contacter notre \u00e9quipe :<\/p>\n<\/div><div class=\"fusion-content-boxes content-boxes columns row fusion-columns-3 fusion-columns-total-3 fusion-content-boxes-1 content-boxes-icon-on-side content-left\" data-animationOffset=\"top-into-view\" style=\"margin-top:0px;margin-bottom:0px;\"><style type=\"text\/css\">.fusion-content-boxes-1 .heading .content-box-heading {color:#525249;}\n\t\t\t\t\t.fusion-content-boxes-1 .fusion-content-box-hover .link-area-link-icon-hover .heading .content-box-heading,\n\t\t\t\t\t.fusion-content-boxes-1 .fusion-content-box-hover .link-area-link-icon-hover .heading .heading-link .content-box-heading,\n\t\t\t\t\t.fusion-content-boxes-1 .fusion-content-box-hover .link-area-box-hover .heading .content-box-heading,\n\t\t\t\t\t.fusion-content-boxes-1 .fusion-content-box-hover .link-area-box-hover .heading .heading-link .content-box-heading,\n\t\t\t\t\t.fusion-content-boxes-1 .fusion-content-box-hover .link-area-link-icon-hover.link-area-box .fusion-read-more,\n\t\t\t\t\t.fusion-content-boxes-1 .fusion-content-box-hover .link-area-link-icon-hover.link-area-box .fusion-read-more::after,\n\t\t\t\t\t.fusion-content-boxes-1 .fusion-content-box-hover .link-area-link-icon-hover.link-area-box .fusion-read-more::before,\n\t\t\t\t\t.fusion-content-boxes-1 .fusion-content-box-hover .fusion-read-more:hover:after,\n\t\t\t\t\t.fusion-content-boxes-1 .fusion-content-box-hover .fusion-read-more:hover:before,\n\t\t\t\t\t.fusion-content-boxes-1 .fusion-content-box-hover .fusion-read-more:hover,\n\t\t\t\t\t.fusion-content-boxes-1 .fusion-content-box-hover .link-area-box-hover.link-area-box .fusion-read-more,\n\t\t\t\t\t.fusion-content-boxes-1 .fusion-content-box-hover .link-area-box-hover.link-area-box .fusion-read-more::after,\n\t\t\t\t\t.fusion-content-boxes-1 .fusion-content-box-hover .link-area-box-hover.link-area-box .fusion-read-more::before,\n\t\t\t\t\t.fusion-content-boxes-1 .fusion-content-box-hover .link-area-link-icon-hover .icon .circle-no,\n\t\t\t\t\t.fusion-content-boxes-1 .heading .heading-link:hover .content-box-heading {\n\t\t\t\t\t\tcolor: #6ba326;\n\t\t\t\t\t}\n\t\t\t\t\t.fusion-content-boxes-1 .fusion-content-box-hover .link-area-box-hover .icon .circle-no {\n\t\t\t\t\t\tcolor: #6ba326 !important;\n\t\t\t\t\t}.fusion-content-boxes-1 .fusion-content-box-hover .link-area-box.link-area-box-hover .fusion-content-box-button {background: #525249;color: #ffffff;}.fusion-content-boxes-1 .fusion-content-box-hover .link-area-box.link-area-box-hover .fusion-content-box-button .fusion-button-text {color: #ffffff;}\n\t\t\t\t\t.fusion-content-boxes-1 .fusion-content-box-hover .link-area-link-icon-hover .heading .icon > span {\n\t\t\t\t\t\tbackground-color: #6ba326 !important;\n\t\t\t\t\t}\n\t\t\t\t\t.fusion-content-boxes-1 .fusion-content-box-hover .link-area-box-hover .heading .icon > span {\n\t\t\t\t\t\tborder-color: #6ba326 !important;\n\t\t\t\t\t}<\/style><div class=\"fusion-column content-box-column content-box-column content-box-column-1 col-lg-4 col-md-4 col-sm-4 fusion-content-box-hover content-box-column-first-in-row\"><div class=\"col content-box-wrapper content-wrapper-background link-area-box link-type-text icon-hover-animation-fade\" style=\"background-color:#f6f6f6;\" data-link=\"mailto:dataprotection@brucherlaw.lu\" data-link-target=\"_self\" data-animationOffset=\"top-into-view\"><div class=\"heading heading-with-icon icon-left\"><a class=\"heading-link\" href=\"mailto:dataprotection@brucherlaw.lu\" target=\"_self\"><div class=\"icon\"><i style=\"border-color:#525249;border-width:1px;background-color:#525249;box-sizing:content-box;height:42px;width:42px;line-height:42px;border-radius:50%;color:#ffffff;font-size:21px;\" aria-hidden=\"true\" class=\"fontawesome-icon fa fa-envelope-o circle-yes\"><\/i><\/div><h2 class=\"content-box-heading\" style=\"font-size:18px;line-height:23px;padding-left:64px;\">VIA EMAIL<\/h2><\/a><\/div><div class=\"fusion-clearfix\"><\/div><a class=\" fusion-read-more\" style=\"margin-left:64px;\" href=\"mailto:dataprotection@brucherlaw.lu\" target=\"_self\">dataprotection@brucherlaw.lu<\/a><div class=\"fusion-clearfix\"><\/div><\/div><\/div><div class=\"fusion-column content-box-column content-box-column content-box-column-2 col-lg-4 col-md-4 col-sm-4 fusion-content-box-hover \"><div class=\"col content-box-wrapper content-wrapper-background link-area-box link-type-text icon-hover-animation-fade\" style=\"background-color:#f6f6f6;\" data-link=\"tel:(352) 26 0 27\" data-link-target=\"_self\" data-animationOffset=\"top-into-view\"><div class=\"heading heading-with-icon icon-left\"><a class=\"heading-link\" href=\"tel:(352) 26 0 27\" target=\"_self\"><div class=\"icon\"><i style=\"border-color:#525249;border-width:1px;background-color:#525249;box-sizing:content-box;height:42px;width:42px;line-height:42px;border-radius:50%;color:#ffffff;font-size:21px;\" aria-hidden=\"true\" class=\"fontawesome-icon fa fa-phone circle-yes\"><\/i><\/div><h2 class=\"content-box-heading\" style=\"font-size:18px;line-height:23px;padding-left:64px;\">PAR T\u00c9L\u00c9PHONE<\/h2><\/a><\/div><div class=\"fusion-clearfix\"><\/div><a class=\" fusion-read-more\" style=\"margin-left:64px;\" href=\"tel:(352) 26 0 27\" target=\"_self\">(352) 26 0 27<\/a><div class=\"fusion-clearfix\"><\/div><\/div><\/div><div class=\"fusion-column content-box-column content-box-column content-box-column-3 col-lg-4 col-md-4 col-sm-4 fusion-content-box-hover content-box-column-last content-box-column-last-in-row\"><div class=\"col content-box-wrapper content-wrapper-background link-area-box link-type-text icon-hover-animation-fade\" style=\"background-color:#f6f6f6;\" data-link=\"tel:(352) 26 20 36 15\" data-link-target=\"_self\" data-animationOffset=\"top-into-view\"><div class=\"heading heading-with-icon icon-left\"><a class=\"heading-link\" href=\"tel:(352) 26 20 36 15\" target=\"_self\"><div class=\"icon\"><i style=\"border-color:#525249;border-width:1px;background-color:#525249;box-sizing:content-box;height:42px;width:42px;line-height:42px;border-radius:50%;color:#ffffff;font-size:21px;\" aria-hidden=\"true\" class=\"fontawesome-icon fa fa-fax circle-yes\"><\/i><\/div><h2 class=\"content-box-heading\" style=\"font-size:18px;line-height:23px;padding-left:64px;\">PAR FAX<\/h2><\/a><\/div><div class=\"fusion-clearfix\"><\/div><a class=\" fusion-read-more\" style=\"margin-left:64px;\" href=\"tel:(352) 26 20 36 15\" target=\"_self\">(352) 26 20 36 15<\/a><div class=\"fusion-clearfix\"><\/div><\/div><\/div><style type=\"text\/css\">\n\t\t\t\t\t\t.fusion-content-boxes-1 .fusion-content-box-hover .heading-link:hover .icon i.circle-yes,\n\t\t\t\t\t\t.fusion-content-boxes-1 .fusion-content-box-hover .link-area-box:hover .heading-link .icon i.circle-yes,\n\t\t\t\t\t\t.fusion-content-boxes-1 .fusion-content-box-hover .link-area-link-icon-hover .heading .icon i.circle-yes,\n\t\t\t\t\t\t.fusion-content-boxes-1 .fusion-content-box-hover .link-area-box-hover .heading .icon i.circle-yes {\n\t\t\t\t\t\t\tbackground-color: #6ba326 !important;\n\t\t\t\t\t\t\tborder-color: #6ba326 !important;\n\t\t\t\t\t\t}<\/style><div class=\"fusion-clearfix\"><\/div><\/div><div class=\"fusion-clearfix\"><\/div><\/div><\/div><div class=\"fusion-layout-column fusion_builder_column fusion-builder-column-2 fusion_builder_column_1_1 1_1 fusion-one-full fusion-column-first fusion-column-last\" style=\"margin-top:20px;margin-bottom:20px;\"><div class=\"fusion-column-wrapper fusion-flex-column-wrapper-legacy\" style=\"background-position:left top;background-repeat:no-repeat;-webkit-background-size:cover;-moz-background-size:cover;-o-background-size:cover;background-size:cover;padding: 0px 0px 0px 0px;\"><div class=\"fusion-text fusion-text-3\"><h3><strong>Les donn\u00e9es que nous collectons<\/strong><\/h3>\n<p>Les donn\u00e9es que nous collectons concernent uniquement nos clients et, parfois, les personnes qui souhaitent rester inform\u00e9es de l\u2019actualit\u00e9 au sein de l\u2019\u00e9tude Brucher Thieltgen &amp; Partners.<\/p>\n<p>Conform\u00e9ment \u00e0 la l\u00e9gislation applicable et notamment \u00e0 l\u2019article 6 du R\u00e8glement G\u00e9n\u00e9ral sur la Protection des Donn\u00e9es (\u00ab\u00a0RGPD\u00a0\u00bb), nous collectons et traitons les donn\u00e9es de nos clients afin de les servir au mieux.<\/p>\n<p>De plus, si les personnes concern\u00e9es marquent leur accord, nous collectons et traitons leurs donn\u00e9es afin de les tenir au courant des communications et newsletters pertinentes relatives \u00e0 Brucher Thieltgen &amp; Partners.<\/p>\n<p>Nous traitons donc vos donn\u00e9es sur une base volontaire de votre part ou en vertu de notre statut de mandataire en justice ou de prestataire de services juridiques.<\/p>\n<p>Nous collectons les informations que vous nous communiquez soit oralement, soit par \u00e9crit, via notre site web ou par d\u2019autres moyens. Bien entendu, la confidentialit\u00e9 des informations ainsi communiqu\u00e9es est de premi\u00e8re importance au sein de notre \u00e9tude.<\/p>\n<p>Les types d\u2019informations ainsi collect\u00e9es comprennent notamment\u00a0:<\/p>\n<ul>\n<li>Noms, pr\u00e9noms\u00a0;<\/li>\n<li>Adresse postale\u00a0;<\/li>\n<li>Adresse email\u00a0;<\/li>\n<li>Num\u00e9ro de t\u00e9l\u00e9phone et de fax\u00a0;<\/li>\n<li>Num\u00e9ro de TVA\u00a0;<\/li>\n<li>Num\u00e9ro de comptes bancaires\u00a0;<\/li>\n<li>Informations personnelles n\u00e9cessaires pour le traitement d\u2019un dossier de conseil juridique ou de repr\u00e9sentation en justice.<\/li>\n<\/ul>\n<\/div><div class=\"fusion-clearfix\"><\/div><\/div><\/div><div class=\"fusion-layout-column fusion_builder_column fusion-builder-column-3 fusion_builder_column_1_1 1_1 fusion-one-full fusion-column-first fusion-column-last\" style=\"margin-top:20px;margin-bottom:20px;\"><div class=\"fusion-column-wrapper fusion-flex-column-wrapper-legacy\" style=\"background-position:left top;background-repeat:no-repeat;-webkit-background-size:cover;-moz-background-size:cover;-o-background-size:cover;background-size:cover;padding: 0px 0px 0px 0px;\"><div class=\"fusion-text fusion-text-4\"><h3><strong>Partageons-nous les informations ainsi collect\u00e9es ?<\/strong><\/h3>\n<p>Compte tenu du caract\u00e8re confidentiel de notre m\u00e9tier d\u2019avocat, nous ne transmettons vos donn\u00e9es priv\u00e9es \u00e0 aucune tierce personne, sauf \u00e0 votre demande expresse ou dans le strict but de d\u00e9fendre vos int\u00e9r\u00eats l\u00e9gaux.<\/p>\n<p>Par exemple, il peut ainsi arriver, dans le cadre d\u2019une action en justice, que nous communiquions certaines de vos informations personnelles \u00e0 notre huissier de justice en vue proc\u00e9der \u00e0 la signification d\u2019un acte \u00e0 une partie adverse.<\/p>\n<p>Bien entendu, de telles communications sont strictement encadr\u00e9es par la loi et ne sont utilis\u00e9es que quand elles s\u2019av\u00e8rent n\u00e9cessaires au respect d\u2019une r\u00e8gle de forme ou de proc\u00e9dure.<\/p>\n<p>Nous ne faisons pas le commerce de vos donn\u00e9es personnelles et nous ne les communiquons pas \u00e0 des tiers en vue de leur exploitation commerciale.<\/p>\n<p>Dans de rares cas, il peut \u00e9galement arriver qu\u2019une d\u00e9cision de justice nous impose de communiquer une partie des informations personnelles que nous d\u00e9tenons \u00e0 votre \u00e9gard, mais de tels sc\u00e9narios sont s\u00e9v\u00e8rement encadr\u00e9s tant par les r\u00e8gles de l\u2019Ordre des Avocats que par les prescrits l\u00e9gaux.<\/p>\n<p>La poursuite des infractions p\u00e9nales, et en particulier la lutte contre le blanchiment d\u2019argent et le financement du terrorisme font partie des rares circonstances ou nous sommes parfois contraints de communiquer certaines de vos donn\u00e9es personnelles.<\/p>\n<\/div><div class=\"fusion-clearfix\"><\/div><\/div><\/div><div class=\"fusion-layout-column fusion_builder_column fusion-builder-column-4 fusion_builder_column_1_1 1_1 fusion-one-full fusion-column-first fusion-column-last\" style=\"margin-top:20px;margin-bottom:20px;\"><div class=\"fusion-column-wrapper fusion-flex-column-wrapper-legacy\" style=\"background-position:left top;background-repeat:no-repeat;-webkit-background-size:cover;-moz-background-size:cover;-o-background-size:cover;background-size:cover;padding: 0px 0px 0px 0px;\"><div class=\"fusion-text fusion-text-5\"><h3><strong>La s\u00e9curit\u00e9 de vos donn\u00e9es<\/strong><\/h3>\n<p>Les donn\u00e9es \u00e0 caract\u00e8re personnel que nous traitons sont gard\u00e9es en s\u00e9curit\u00e9 et leur acc\u00e8s est limit\u00e9 aux seules personnes qui en ont besoin afin de d\u00e9fendre au mieux vos int\u00e9r\u00eats.<\/p>\n<p>Nous avons mis en place des mesures de s\u00e9curit\u00e9 aussi bien physiques que techniques pour assurer la confidentialit\u00e9 et l\u2019int\u00e9grit\u00e9 de vos donn\u00e9es personnelles. Par exemple, vos donn\u00e9es sont r\u00e9guli\u00e8rement sauvegard\u00e9es dans un serveur de type \u00ab\u00a0back-up\u00a0\u00bb qui nous permet de nous assurer que vos donn\u00e9es ne soient pas endommag\u00e9es ou perdues.<\/p>\n<p>De plus, les acc\u00e8s \u00e0 notre \u00e9tude et \u00e0 nos dossiers sont strictement surveill\u00e9s et les documents vous concernant sont gard\u00e9s \u00e0 l\u2019abri de toute intrusion et de tout dommage physique, dans la mesure de nos moyens.<\/p>\n<p>Lorsque vous communiquez avec nous et \u00e9galement lorsque vous nous communiquez vos donn\u00e9es \u00e0 caract\u00e8re personnel, il est important que vous vous prot\u00e9giez contre toute tentative de captation ou d\u2019intrusion. Utilisez des mots de passe solides, d\u00e9connectez-vous de votre ordinateur apr\u00e8s chaque utilisation et cryptez vos messages et documents aussi souvent que possible.<\/p>\n<p>Lorsque vous souhaitez acc\u00e9der \u00e0 vos propres donn\u00e9es personnelles, il peut \u00e9galement nous arriver de demander une preuve de votre identit\u00e9, ceci afin d\u2019assurer la s\u00e9curit\u00e9 de ces donn\u00e9es.<\/p>\n<p>Enfin, vos donn\u00e9es ne sont conserv\u00e9es que pour le temps n\u00e9cessaire \u00e0 l\u2019exercice de notre mission de mandataire en justice ou de conseils juridiques. Il est fait exception \u00e0 cette dur\u00e9e de conservation pour les cas o\u00f9 la loi nous oblige \u00e0 conserver vos donn\u00e9es pour une p\u00e9riode plus longue. Par exemple dans le cadre de notre obligation de conservation des documents fiscaux et de facturation, nous sommes forc\u00e9s de conserver de telles donn\u00e9es pour une dur\u00e9e minimale de 10 (dix) ans.<\/p>\n<\/div><div class=\"fusion-clearfix\"><\/div><\/div><\/div><div class=\"fusion-layout-column fusion_builder_column fusion-builder-column-5 fusion_builder_column_1_1 1_1 fusion-one-full fusion-column-first fusion-column-last\" style=\"margin-top:20px;margin-bottom:20px;\"><div class=\"fusion-column-wrapper fusion-flex-column-wrapper-legacy\" style=\"background-position:left top;background-repeat:no-repeat;-webkit-background-size:cover;-moz-background-size:cover;-o-background-size:cover;background-size:cover;padding: 0px 0px 0px 0px;\"><div class=\"fusion-text fusion-text-6\"><h3><strong>Vos droits<\/strong><\/h3>\n<p>Vous disposez de plusieurs droits concernant vos donn\u00e9es personnelles :<\/p>\n<ol type=\"i\">\n<li style=\"list-style-type: none;\">\n<ol type=\"i\">\n<li>Le droit de nous demander l\u2019acc\u00e8s aux seules donn\u00e9es personnelles qui vous concernent ;<\/li>\n<li>Le droit de demander la rectification de vos donn\u00e9es personnelles ;<\/li>\n<li>Le droit de demander l\u2019effacement de vos donn\u00e9es personnelles ;<\/li>\n<li>Le droit de demander la limitation du traitement de vos donn\u00e9es personnelles et de conna\u00eetre l\u2019impact d\u2019une telle limitation ;<\/li>\n<li>Le droit de vous opposer au traitement de vos donn\u00e9es personnelles et de conna\u00eetre l\u2019impact d\u2019une telle opposition ;<\/li>\n<li>Le droit \u00e0 la portabilit\u00e9 de vos donn\u00e9es personnelles ;<\/li>\n<li>Lorsque le traitement de vos donn\u00e9es est bas\u00e9 sur votre consentement, le droit de retirer votre consentement \u00e0 tout moment sans que ce retrait n\u2019affecte la lic\u00e9it\u00e9 du traitement ant\u00e9rieur ;<\/li>\n<li>Le droit d\u2019introduire une r\u00e9clamation \u00e0 l\u2019autorit\u00e9 de contr\u00f4le comp\u00e9tente ;<\/li>\n<\/ol>\n<\/li>\n<\/ol>\n<p>Veuillez noter que nous serons peut-\u00eatre amen\u00e9s \u00e0 limiter ou \u00e0 refuser l\u2019exercice de l\u2019un ou de plusieurs de ces droits pour des raisons tenants soit \u00e0 une obligation l\u00e9gale, soit \u00e0 des circonstances particuli\u00e8res de droit ou de faits.<\/p>\n<p>Par exemple, nous sommes soumis \u00e0 une obligation de secret professionnel stricte. De plus, nous sommes parfois amen\u00e9s \u00e0 collaborer avec les autorit\u00e9s r\u00e9pressives en mati\u00e8re de r\u00e9pression du blanchiment d\u2019argent et du financement du terrorisme.<\/p>\n<\/div><div class=\"fusion-clearfix\"><\/div><\/div><\/div><\/div><\/div><\/p>\n","protected":false},"excerpt":{"rendered":"","protected":false},"author":1,"featured_media":0,"parent":0,"menu_order":0,"comment_status":"closed","ping_status":"closed","template":"100-width.php","meta":{"om_disable_all_campaigns":false,"_monsterinsights_skip_tracking":false,"_monsterinsights_sitenote_active":false,"_monsterinsights_sitenote_note":"","_monsterinsights_sitenote_category":0,"footnotes":""},"class_list":["post-941","page","type-page","status-publish","hentry"],"acf":[],"aioseo_notices":[],"yoast_head":"<!-- This site is optimized with the Yoast SEO plugin v23.9 - https:\/\/yoast.com\/wordpress\/plugins\/seo\/ -->\n<title>Politique de Protection des Donn\u00e9es - BrucherLaw<\/title>\n<meta name=\"robots\" content=\"index, follow, max-snippet:-1, max-image-preview:large, max-video-preview:-1\" \/>\n<link rel=\"canonical\" href=\"https:\/\/brucherlaw.lu\/fr\/politique-de-protection-des-donnees-2\/\" \/>\n<meta property=\"og:locale\" content=\"fr_FR\" \/>\n<meta property=\"og:type\" content=\"article\" \/>\n<meta property=\"og:title\" content=\"Politique de Protection des Donn\u00e9es - BrucherLaw\" \/>\n<meta property=\"og:url\" content=\"https:\/\/brucherlaw.lu\/fr\/politique-de-protection-des-donnees-2\/\" \/>\n<meta property=\"og:site_name\" content=\"BrucherLaw\" \/>\n<meta property=\"article:modified_time\" content=\"2022-09-07T13:14:58+00:00\" \/>\n<meta name=\"twitter:card\" content=\"summary_large_image\" \/>\n<meta name=\"twitter:label1\" content=\"Est. reading time\" \/>\n\t<meta name=\"twitter:data1\" content=\"7 minutes\" \/>\n<script type=\"application\/ld+json\" class=\"yoast-schema-graph\">{\"@context\":\"https:\/\/schema.org\",\"@graph\":[{\"@type\":\"WebPage\",\"@id\":\"https:\/\/brucherlaw.lu\/fr\/politique-de-protection-des-donnees-2\/\",\"url\":\"https:\/\/brucherlaw.lu\/fr\/politique-de-protection-des-donnees-2\/\",\"name\":\"Politique de Protection des Donn\u00e9es - BrucherLaw\",\"isPartOf\":{\"@id\":\"https:\/\/brucherlaw.lu\/en\/#website\"},\"datePublished\":\"2018-05-14T09:27:05+00:00\",\"dateModified\":\"2022-09-07T13:14:58+00:00\",\"breadcrumb\":{\"@id\":\"https:\/\/brucherlaw.lu\/fr\/politique-de-protection-des-donnees-2\/#breadcrumb\"},\"inLanguage\":\"fr-FR\",\"potentialAction\":[{\"@type\":\"ReadAction\",\"target\":[\"https:\/\/brucherlaw.lu\/fr\/politique-de-protection-des-donnees-2\/\"]}]},{\"@type\":\"BreadcrumbList\",\"@id\":\"https:\/\/brucherlaw.lu\/fr\/politique-de-protection-des-donnees-2\/#breadcrumb\",\"itemListElement\":[{\"@type\":\"ListItem\",\"position\":1,\"name\":\"Home\",\"item\":\"https:\/\/brucherlaw.lu\/fr\/\"},{\"@type\":\"ListItem\",\"position\":2,\"name\":\"Politique de Protection des Donn\u00e9es\"}]},{\"@type\":\"WebSite\",\"@id\":\"https:\/\/brucherlaw.lu\/en\/#website\",\"url\":\"https:\/\/brucherlaw.lu\/en\/\",\"name\":\"BrucherLaw\",\"description\":\"Legal expertise and tailor-made solutions for businesses and entrepreneurs\",\"potentialAction\":[{\"@type\":\"SearchAction\",\"target\":{\"@type\":\"EntryPoint\",\"urlTemplate\":\"https:\/\/brucherlaw.lu\/en\/?s={search_term_string}\"},\"query-input\":{\"@type\":\"PropertyValueSpecification\",\"valueRequired\":true,\"valueName\":\"search_term_string\"}}],\"inLanguage\":\"fr-FR\"}]}<\/script>\n<!-- \/ Yoast SEO plugin. -->","yoast_head_json":{"title":"Politique de Protection des Donn\u00e9es - BrucherLaw","robots":{"index":"index","follow":"follow","max-snippet":"max-snippet:-1","max-image-preview":"max-image-preview:large","max-video-preview":"max-video-preview:-1"},"canonical":"https:\/\/brucherlaw.lu\/fr\/politique-de-protection-des-donnees-2\/","og_locale":"fr_FR","og_type":"article","og_title":"Politique de Protection des Donn\u00e9es - BrucherLaw","og_url":"https:\/\/brucherlaw.lu\/fr\/politique-de-protection-des-donnees-2\/","og_site_name":"BrucherLaw","article_modified_time":"2022-09-07T13:14:58+00:00","twitter_card":"summary_large_image","twitter_misc":{"Est. reading time":"7 minutes"},"schema":{"@context":"https:\/\/schema.org","@graph":[{"@type":"WebPage","@id":"https:\/\/brucherlaw.lu\/fr\/politique-de-protection-des-donnees-2\/","url":"https:\/\/brucherlaw.lu\/fr\/politique-de-protection-des-donnees-2\/","name":"Politique de Protection des Donn\u00e9es - BrucherLaw","isPartOf":{"@id":"https:\/\/brucherlaw.lu\/en\/#website"},"datePublished":"2018-05-14T09:27:05+00:00","dateModified":"2022-09-07T13:14:58+00:00","breadcrumb":{"@id":"https:\/\/brucherlaw.lu\/fr\/politique-de-protection-des-donnees-2\/#breadcrumb"},"inLanguage":"fr-FR","potentialAction":[{"@type":"ReadAction","target":["https:\/\/brucherlaw.lu\/fr\/politique-de-protection-des-donnees-2\/"]}]},{"@type":"BreadcrumbList","@id":"https:\/\/brucherlaw.lu\/fr\/politique-de-protection-des-donnees-2\/#breadcrumb","itemListElement":[{"@type":"ListItem","position":1,"name":"Home","item":"https:\/\/brucherlaw.lu\/fr\/"},{"@type":"ListItem","position":2,"name":"Politique de Protection des Donn\u00e9es"}]},{"@type":"WebSite","@id":"https:\/\/brucherlaw.lu\/en\/#website","url":"https:\/\/brucherlaw.lu\/en\/","name":"BrucherLaw","description":"Legal expertise and tailor-made solutions for businesses and entrepreneurs","potentialAction":[{"@type":"SearchAction","target":{"@type":"EntryPoint","urlTemplate":"https:\/\/brucherlaw.lu\/en\/?s={search_term_string}"},"query-input":{"@type":"PropertyValueSpecification","valueRequired":true,"valueName":"search_term_string"}}],"inLanguage":"fr-FR"}]}},"_links":{"self":[{"href":"https:\/\/brucherlaw.lu\/fr\/wp-json\/wp\/v2\/pages\/941","targetHints":{"allow":["GET"]}}],"collection":[{"href":"https:\/\/brucherlaw.lu\/fr\/wp-json\/wp\/v2\/pages"}],"about":[{"href":"https:\/\/brucherlaw.lu\/fr\/wp-json\/wp\/v2\/types\/page"}],"author":[{"embeddable":true,"href":"https:\/\/brucherlaw.lu\/fr\/wp-json\/wp\/v2\/users\/1"}],"replies":[{"embeddable":true,"href":"https:\/\/brucherlaw.lu\/fr\/wp-json\/wp\/v2\/comments?post=941"}],"version-history":[{"count":6,"href":"https:\/\/brucherlaw.lu\/fr\/wp-json\/wp\/v2\/pages\/941\/revisions"}],"predecessor-version":[{"id":2870,"href":"https:\/\/brucherlaw.lu\/fr\/wp-json\/wp\/v2\/pages\/941\/revisions\/2870"}],"wp:attachment":[{"href":"https:\/\/brucherlaw.lu\/fr\/wp-json\/wp\/v2\/media?parent=941"}],"curies":[{"name":"wp","href":"https:\/\/api.w.org\/{rel}","templated":true}]}}